{"id":21,"date":"2016-11-29T20:01:25","date_gmt":"2016-11-29T20:01:25","guid":{"rendered":"http:\/\/pasarondelavera.org\/pasaronmerece\/?page_id=21"},"modified":"2016-11-29T20:35:40","modified_gmt":"2016-11-29T20:35:40","slug":"inicio","status":"publish","type":"page","link":"http:\/\/pasarondelavera.org\/pasaronmerece\/","title":{"rendered":"Presentaci\u00f3n"},"content":{"rendered":"<p>Bienvenido a<\/p>\n<h3 style=\"text-align: center;\">\u00ab<strong>Pasaron <span style=\"color: #008000;\">Merece<\/span><\/strong>\u00ab<\/h3>\n<p style=\"text-align: center;\"><em>Plataforma vecinal de Pasar\u00f3n de la Vera.<\/em><\/p>\n<p style=\"text-align: justify;\">\u00a0\u00a0\u00a0\u00a0 Si has llegado hasta aqu\u00ed ser\u00e1 porque te interesa Pasar\u00f3n de la Vera, todos los que formamos parte de esta nueva Plataforma ciudadana creemos en Pasar\u00f3n y trabajamos por aupar nuestro pueblo a lo m\u00e1s alto. Esperamos que tu inter\u00e9s por Pasar\u00f3n sea el mismo y te animamos a formar parte activa, trabajando por la mejora de este nuestro pueblo.<\/p>\n<p style=\"text-align: justify;\">\u00a0\u00a0\u00a0\u00a0 No lo dudes y <strong><em>eng\u00e1nchate<\/em><\/strong> a <strong>Pasar\u00f3n <span style=\"color: #008000;\">merece<\/span><\/strong>, dedica unos minutos a la mejora de tu pueblo, tus vecinos, amigos y pasaroniegos te lo agradecer\u00e1n, pero sobre todo, te sentir\u00e1s mejor contigo mismo apoyando esta iniciativa ciudadana.<\/p>\n<p style=\"text-align: justify;\">\n<p style=\"text-align: justify;\">\n","protected":false},"excerpt":{"rendered":"<p>Bienvenido a \u00abPasaron Merece\u00ab Plataforma vecinal de Pasar\u00f3n de la Vera. \u00a0\u00a0\u00a0\u00a0 Si has llegado hasta aqu\u00ed ser\u00e1 porque te interesa Pasar\u00f3n de la Vera, todos los que formamos parte de esta nueva Plataforma ciudadana creemos en Pasar\u00f3n y trabajamos por aupar nuestro pueblo a lo m\u00e1s alto. Esperamos que tu inter\u00e9s por Pasar\u00f3n sea [&hellip;]<\/p>\n","protected":false},"author":3,"featured_media":0,"parent":0,"menu_order":0,"comment_status":"closed","ping_status":"closed","template":"","meta":{"_bbp_topic_count":0,"_bbp_reply_count":0,"_bbp_total_topic_count":0,"_bbp_total_reply_count":0,"_bbp_voice_count":0,"_bbp_anonymous_reply_count":0,"_bbp_topic_count_hidden":0,"_bbp_reply_count_hidden":0,"_bbp_forum_subforum_count":0,"footnotes":""},"class_list":["post-21","page","type-page","status-publish","hentry"],"_links":{"self":[{"href":"http:\/\/pasarondelavera.org\/pasaronmerece\/index.php\/wp-json\/wp\/v2\/pages\/21","targetHints":{"allow":["GET"]}}],"collection":[{"href":"http:\/\/pasarondelavera.org\/pasaronmerece\/index.php\/wp-json\/wp\/v2\/pages"}],"about":[{"href":"http:\/\/pasarondelavera.org\/pasaronmerece\/index.php\/wp-json\/wp\/v2\/types\/page"}],"author":[{"embeddable":true,"href":"http:\/\/pasarondelavera.org\/pasaronmerece\/index.php\/wp-json\/wp\/v2\/users\/3"}],"replies":[{"embeddable":true,"href":"http:\/\/pasarondelavera.org\/pasaronmerece\/index.php\/wp-json\/wp\/v2\/comments?post=21"}],"version-history":[{"count":0,"href":"http:\/\/pasarondelavera.org\/pasaronmerece\/index.php\/wp-json\/wp\/v2\/pages\/21\/revisions"}],"wp:attachment":[{"href":"http:\/\/pasarondelavera.org\/pasaronmerece\/index.php\/wp-json\/wp\/v2\/media?parent=21"}],"curies":[{"name":"wp","href":"https:\/\/api.w.org\/{rel}","templated":true}]}}